{"id":234,"date":"2020-10-26T13:11:56","date_gmt":"2020-10-26T13:11:56","guid":{"rendered":"https:\/\/qi39.qodeinteractive.com\/?page_id=234"},"modified":"2023-01-15T11:11:16","modified_gmt":"2023-01-15T10:11:16","slug":"about","status":"publish","type":"page","link":"https:\/\/omega.grajewo.pl\/index.php\/about\/","title":{"rendered":"About"},"content":{"rendered":"\t\t<div data-elementor-type=\"wp-page\" data-elementor-id=\"234\" class=\"elementor elementor-234\">\n\t\t\t\t\t\t\t\t\t<section class=\"elementor-section elementor-top-section elementor-element elementor-element-e9b4198 elementor-section-boxed elementor-section-height-default elementor-section-height-default qodef-elementor-content-no\" data-id=\"e9b4198\" data-element_type=\"section\">\n\t\t\t\t\t\t<div class=\"elementor-container elementor-column-gap-default\">\n\t\t\t\t\t<div class=\"elementor-column elementor-col-50 elementor-top-column elementor-element elementor-element-31ab395\" data-id=\"31ab395\" data-element_type=\"column\">\n\t\t\t<div class=\"elementor-widget-wrap elementor-element-populated\">\n\t\t\t\t\t\t\t\t<div class=\"elementor-element elementor-element-6867708 elementor-widget elementor-widget-image-carousel\" data-id=\"6867708\" data-element_type=\"widget\" data-settings=\"{&quot;slides_to_show&quot;:&quot;1&quot;,&quot;navigation&quot;:&quot;none&quot;,&quot;autoplay&quot;:&quot;yes&quot;,&quot;pause_on_hover&quot;:&quot;yes&quot;,&quot;pause_on_interaction&quot;:&quot;yes&quot;,&quot;autoplay_speed&quot;:5000,&quot;infinite&quot;:&quot;yes&quot;,&quot;effect&quot;:&quot;slide&quot;,&quot;speed&quot;:500}\" data-widget_type=\"image-carousel.default\">\n\t\t\t\t<div class=\"elementor-widget-container\">\n\t\t\t<style>\/*! elementor - v3.9.2 - 21-12-2022 *\/\n.elementor-widget-image-carousel .swiper-container{position:static}.elementor-widget-image-carousel .swiper-container .swiper-slide figure{line-height:inherit}.elementor-widget-image-carousel .swiper-slide{text-align:center}.elementor-image-carousel-wrapper:not(.swiper-container-initialized) .swiper-slide{max-width:calc(100% \/ var(--e-image-carousel-slides-to-show, 3))}<\/style>\t\t<div class=\"elementor-image-carousel-wrapper swiper-container\" dir=\"ltr\">\n\t\t\t<div class=\"elementor-image-carousel swiper-wrapper\">\n\t\t\t\t\t\t\t\t<div class=\"swiper-slide\"><figure class=\"swiper-slide-inner\"><img decoding=\"async\" class=\"swiper-slide-image\" src=\"https:\/\/omega.grajewo.pl\/wp-content\/uploads\/2023\/01\/IMG_1226.jpeg\" alt=\"IMG_1226\" \/><\/figure><\/div><div class=\"swiper-slide\"><figure class=\"swiper-slide-inner\"><img decoding=\"async\" class=\"swiper-slide-image\" src=\"https:\/\/omega.grajewo.pl\/wp-content\/uploads\/2023\/01\/IMG_1225-1.jpeg\" alt=\"IMG_1225\" \/><\/figure><\/div><div class=\"swiper-slide\"><figure class=\"swiper-slide-inner\"><img decoding=\"async\" class=\"swiper-slide-image\" src=\"https:\/\/omega.grajewo.pl\/wp-content\/uploads\/2020\/10\/IMG_0532.jpeg\" alt=\"IMG_0532\" \/><\/figure><\/div><div class=\"swiper-slide\"><figure class=\"swiper-slide-inner\"><img decoding=\"async\" class=\"swiper-slide-image\" src=\"https:\/\/omega.grajewo.pl\/wp-content\/uploads\/2020\/10\/IMG_1051.jpeg\" alt=\"IMG_1051\" \/><\/figure><\/div>\t\t\t<\/div>\n\t\t\t\t\t\t\t\t\t\t\t\t\t\t\t\t<\/div>\n\t\t\t\t<\/div>\n\t\t\t\t<\/div>\n\t\t\t\t\t<\/div>\n\t\t<\/div>\n\t\t\t\t<div class=\"elementor-column elementor-col-50 elementor-top-column elementor-element elementor-element-c22b18f\" data-id=\"c22b18f\" data-element_type=\"column\">\n\t\t\t<div class=\"elementor-widget-wrap elementor-element-populated\">\n\t\t\t\t\t\t\t\t<div class=\"elementor-element elementor-element-54fd373 elementor-widget elementor-widget-heading\" data-id=\"54fd373\" data-element_type=\"widget\" data-widget_type=\"heading.default\">\n\t\t\t\t<div class=\"elementor-widget-container\">\n\t\t\t<style>\/*! elementor - v3.9.2 - 21-12-2022 *\/\n.elementor-heading-title{padding:0;margin:0;line-height:1}.elementor-widget-heading .elementor-heading-title[class*=elementor-size-]>a{color:inherit;font-size:inherit;line-height:inherit}.elementor-widget-heading .elementor-heading-title.elementor-size-small{font-size:15px}.elementor-widget-heading .elementor-heading-title.elementor-size-medium{font-size:19px}.elementor-widget-heading .elementor-heading-title.elementor-size-large{font-size:29px}.elementor-widget-heading .elementor-heading-title.elementor-size-xl{font-size:39px}.elementor-widget-heading .elementor-heading-title.elementor-size-xxl{font-size:59px}<\/style><h2 class=\"elementor-heading-title elementor-size-default\">O nas<\/h2>\t\t<\/div>\n\t\t\t\t<\/div>\n\t\t\t\t<div class=\"elementor-element elementor-element-d8d4fd8 elementor-widget elementor-widget-text-editor\" data-id=\"d8d4fd8\" data-element_type=\"widget\" data-widget_type=\"text-editor.default\">\n\t\t\t\t<div class=\"elementor-widget-container\">\n\t\t\t<style>\/*! elementor - v3.9.2 - 21-12-2022 *\/\n.elementor-widget-text-editor.elementor-drop-cap-view-stacked .elementor-drop-cap{background-color:#818a91;color:#fff}.elementor-widget-text-editor.elementor-drop-cap-view-framed .elementor-drop-cap{color:#818a91;border:3px solid;background-color:transparent}.elementor-widget-text-editor:not(.elementor-drop-cap-view-default) .elementor-drop-cap{margin-top:8px}.elementor-widget-text-editor:not(.elementor-drop-cap-view-default) .elementor-drop-cap-letter{width:1em;height:1em}.elementor-widget-text-editor .elementor-drop-cap{float:left;text-align:center;line-height:1;font-size:50px}.elementor-widget-text-editor .elementor-drop-cap-letter{display:inline-block}<\/style>\t\t\t\t<p>Firma Omega to profesjonalna firma zajmuj\u0105ca si\u0119 realizacjami konstrukcyjno-budowlanymi i drogowymi. Posiadamy wieloletnie do\u015bwiadczenie w bran\u017cy, co pozwala nam na realizacj\u0119 nawet najbardziej skomplikowanych projekt\u00f3w w zakresie rob\u00f3t w bran\u017cy budownictwa kubaturowego oraz rob\u00f3t z zakresu budowy dr\u00f3g.<\/p><p>\u00a0<\/p><p>Nasz zesp\u00f3\u0142 tworz\u0105 wykwalifikowani in\u017cynierowie oraz pracownicy, kt\u00f3rzy s\u0105 specjalistami w swoich dziedzinach. Ka\u017cdy z nich posiada odpowiednie kwalifikacje i do\u015bwiadczenie, dzi\u0119ki czemu jeste\u015bmy w stanie zapewni\u0107 naszym Klientom najwy\u017csz\u0105 jako\u015b\u0107 us\u0142ug.<\/p><p>\u00a0<\/p><p>Nasza oferta obejmuje szeroki zakres us\u0142ug w zakresie inwestycji konstrukcyjno-budowlanych i drogowych, oraz budow\u0119 nowych obiekt\u00f3w, remonty i modernizacje istniej\u0105cych budynk\u00f3w oraz budow\u0119 i remont dr\u00f3g. Staramy si\u0119 dopasowa\u0107 nasze us\u0142ugi do indywidualnych potrzeb i oczekiwa\u0144 naszych Klient\u00f3w.<\/p><p>\u00a0<\/p><p>Oferujemy r\u00f3wnie\u017c kompleksowe us\u0142ugi projektowe oraz, remontowe dzi\u0119ki kt\u00f3rym nasi Klienci mog\u0105 mie\u0107 pewno\u015b\u0107, \u017ce ich projekty zostan\u0105 zrealizowane zgodnie z ich wymaganiami oraz oczekiwaniami.<\/p><p>Je\u015bli szukasz profesjonalnej i rzetelnej firmy, kt\u00f3ra zrealizuje Twoje projekty w zakresie rob\u00f3t konstrukcyjno-budowlanych lub drogowych, zapraszamy do skorzystania z naszych us\u0142ug. Jeste\u015bmy pewni, \u017ce b\u0119dziesz zadowolony z naszej pracy i zaanga\u017cowania naszego zespo\u0142u w ka\u017cdym etapie realizacji projektu.<\/p>\t\t\t\t\t\t<\/div>\n\t\t\t\t<\/div>\n\t\t\t\t\t<\/div>\n\t\t<\/div>\n\t\t\t\t\t\t\t<\/div>\n\t\t<\/section>\n\t\t\t\t\t\t\t<\/div>\n\t\t","protected":false},"excerpt":{"rendered":"<p>O nas Firma Omega to profesjonalna firma zajmuj\u0105ca si\u0119 realizacjami konstrukcyjno-budowlanymi i drogowymi. Posiadamy wieloletnie do\u015bwiadczenie w bran\u017cy, co pozwala nam na realizacj\u0119 nawet najbardziej skomplikowanych projekt\u00f3w w zakresie rob\u00f3t w bran\u017cy budownictwa kubaturowego oraz rob\u00f3t z zakresu budowy dr\u00f3g. \u00a0 Nasz zesp\u00f3\u0142 tworz\u0105 wykwalifikowani in\u017cynierowie oraz pracownicy, kt\u00f3rzy s\u0105 specjalistami w swoich dziedzinach. Ka\u017cdy [&hellip;]<\/p>\n","protected":false},"author":1,"featured_media":0,"parent":0,"menu_order":0,"comment_status":"closed","ping_status":"closed","template":"qi-full-width.php","meta":{"footnotes":""},"class_list":["post-234","page","type-page","status-publish","hentry"],"_links":{"self":[{"href":"https:\/\/omega.grajewo.pl\/index.php\/wp-json\/wp\/v2\/pages\/234","targetHints":{"allow":["GET"]}}],"collection":[{"href":"https:\/\/omega.grajewo.pl\/index.php\/wp-json\/wp\/v2\/pages"}],"about":[{"href":"https:\/\/omega.grajewo.pl\/index.php\/wp-json\/wp\/v2\/types\/page"}],"author":[{"embeddable":true,"href":"https:\/\/omega.grajewo.pl\/index.php\/wp-json\/wp\/v2\/users\/1"}],"replies":[{"embeddable":true,"href":"https:\/\/omega.grajewo.pl\/index.php\/wp-json\/wp\/v2\/comments?post=234"}],"version-history":[{"count":7,"href":"https:\/\/omega.grajewo.pl\/index.php\/wp-json\/wp\/v2\/pages\/234\/revisions"}],"predecessor-version":[{"id":1225,"href":"https:\/\/omega.grajewo.pl\/index.php\/wp-json\/wp\/v2\/pages\/234\/revisions\/1225"}],"wp:attachment":[{"href":"https:\/\/omega.grajewo.pl\/index.php\/wp-json\/wp\/v2\/media?parent=234"}],"curies":[{"name":"wp","href":"https:\/\/api.w.org\/{rel}","templated":true}]}}