{"id":14,"date":"2020-10-22T08:23:28","date_gmt":"2020-10-22T08:23:28","guid":{"rendered":"https:\/\/qi39.qodeinteractive.com\/?page_id=14"},"modified":"2023-01-15T11:07:33","modified_gmt":"2023-01-15T10:07:33","slug":"home-2","status":"publish","type":"page","link":"https:\/\/omega.grajewo.pl\/","title":{"rendered":"Home"},"content":{"rendered":"\t\t<div data-elementor-type=\"wp-page\" data-elementor-id=\"14\" class=\"elementor elementor-14\">\n\t\t\t\t\t\t\t\t\t<section class=\"elementor-section elementor-top-section elementor-element elementor-element-31e99fe elementor-section-full_width elementor-section-height-default elementor-section-height-default qodef-elementor-content-no\" data-id=\"31e99fe\" data-element_type=\"section\">\n\t\t\t\t\t\t<div class=\"elementor-container elementor-column-gap-no\">\n\t\t\t\t\t<div class=\"elementor-column elementor-col-50 elementor-top-column elementor-element elementor-element-a398a87\" data-id=\"a398a87\" data-element_type=\"column\">\n\t\t\t<div class=\"elementor-widget-wrap elementor-element-populated\">\n\t\t\t\t\t\t\t\t<div class=\"elementor-element elementor-element-64fa0c0 elementor-widget elementor-widget-image\" data-id=\"64fa0c0\" data-element_type=\"widget\" data-widget_type=\"image.default\">\n\t\t\t\t<div class=\"elementor-widget-container\">\n\t\t\t<style>\/*! elementor - v3.9.2 - 21-12-2022 *\/\n.elementor-widget-image{text-align:center}.elementor-widget-image a{display:inline-block}.elementor-widget-image a img[src$=\".svg\"]{width:48px}.elementor-widget-image img{vertical-align:middle;display:inline-block}<\/style>\t\t\t\t\t\t\t\t\t\t\t\t<img loading=\"lazy\" decoding=\"async\" width=\"768\" height=\"1024\" src=\"https:\/\/omega.grajewo.pl\/wp-content\/uploads\/2023\/01\/IMG_1225-1-768x1024.jpeg\" class=\"attachment-large size-large wp-image-1183\" alt=\"\" srcset=\"https:\/\/omega.grajewo.pl\/wp-content\/uploads\/2023\/01\/IMG_1225-1-768x1024.jpeg 768w, https:\/\/omega.grajewo.pl\/wp-content\/uploads\/2023\/01\/IMG_1225-1-225x300.jpeg 225w, https:\/\/omega.grajewo.pl\/wp-content\/uploads\/2023\/01\/IMG_1225-1-1152x1536.jpeg 1152w, https:\/\/omega.grajewo.pl\/wp-content\/uploads\/2023\/01\/IMG_1225-1.jpeg 1536w\" sizes=\"auto, (max-width: 768px) 100vw, 768px\" \/>\t\t\t\t\t\t\t\t\t\t\t\t\t\t\t<\/div>\n\t\t\t\t<\/div>\n\t\t\t\t\t<\/div>\n\t\t<\/div>\n\t\t\t\t<div class=\"elementor-column elementor-col-50 elementor-top-column elementor-element elementor-element-cfb9f8b\" data-id=\"cfb9f8b\" data-element_type=\"column\">\n\t\t\t<div class=\"elementor-widget-wrap elementor-element-populated\">\n\t\t\t\t\t\t\t\t<div class=\"elementor-element elementor-element-9da0c59 elementor-widget elementor-widget-heading\" data-id=\"9da0c59\" data-element_type=\"widget\" data-widget_type=\"heading.default\">\n\t\t\t\t<div class=\"elementor-widget-container\">\n\t\t\t<style>\/*! elementor - v3.9.2 - 21-12-2022 *\/\n.elementor-heading-title{padding:0;margin:0;line-height:1}.elementor-widget-heading .elementor-heading-title[class*=elementor-size-]>a{color:inherit;font-size:inherit;line-height:inherit}.elementor-widget-heading .elementor-heading-title.elementor-size-small{font-size:15px}.elementor-widget-heading .elementor-heading-title.elementor-size-medium{font-size:19px}.elementor-widget-heading .elementor-heading-title.elementor-size-large{font-size:29px}.elementor-widget-heading .elementor-heading-title.elementor-size-xl{font-size:39px}.elementor-widget-heading .elementor-heading-title.elementor-size-xxl{font-size:59px}<\/style><h1 class=\"elementor-heading-title elementor-size-default\">Omega<\/h1>\t\t<\/div>\n\t\t\t\t<\/div>\n\t\t\t\t<div class=\"elementor-element elementor-element-93c0df6 elementor-widget elementor-widget-heading\" data-id=\"93c0df6\" data-element_type=\"widget\" data-widget_type=\"heading.default\">\n\t\t\t\t<div class=\"elementor-widget-container\">\n\t\t\t<h3 class=\"elementor-heading-title elementor-size-default\">Realizacje Konstrukcyjno - Budowlane i drogowe<\/h3>\t\t<\/div>\n\t\t\t\t<\/div>\n\t\t\t\t\t<\/div>\n\t\t<\/div>\n\t\t\t\t\t\t\t<\/div>\n\t\t<\/section>\n\t\t\t\t<section class=\"elementor-section elementor-top-section elementor-element elementor-element-bdaf149 elementor-section-full_width qodef-elementor-content-grid elementor-section-height-min-height elementor-section-height-default elementor-section-items-middle\" data-id=\"bdaf149\" data-element_type=\"section\">\n\t\t\t\t\t\t<div class=\"elementor-container elementor-column-gap-no\">\n\t\t\t\t\t<div class=\"elementor-column elementor-col-50 elementor-top-column elementor-element elementor-element-0457919\" data-id=\"0457919\" data-element_type=\"column\" data-settings=\"{&quot;background_background&quot;:&quot;classic&quot;}\">\n\t\t\t<div class=\"elementor-widget-wrap elementor-element-populated\">\n\t\t\t\t\t\t\t\t<div class=\"elementor-element elementor-element-8372875 elementor-widget elementor-widget-qi_addons_for_elementor_section_title\" data-id=\"8372875\" data-element_type=\"widget\" data-widget_type=\"qi_addons_for_elementor_section_title.default\">\n\t\t\t\t<div class=\"elementor-widget-container\">\n\t\t\t<div class=\"qodef-shortcode qodef-m  qodef-qi-section-title  qodef-decoration--italic  qodef-link--underline-draw qodef-subtitle-icon--left\">\n\t\t\t\t<h5 class=\"qodef-m-subtitle\">\n\t\tO nas\t\t\t<\/h5>\n\t\t\t<h2 class=\"qodef-m-title\">\n\t\tOmega\t<\/h2>\n\t\t\t<div class=\"qodef-m-text\"><p>Firma Omega to profesjonalna firma zajmuj\u0105ca si\u0119 realizacjami konstrukcyjno-budowlanymi i drogowymi z wieloletnim do\u015bwiadczeniem. Nasz zesp\u00f3\u0142 sk\u0142ada si\u0119 z wykwalifikowanych in\u017cynier\u00f3w i pracownik\u00f3w specjalist\u00f3w w swoich dziedzinach, dzi\u0119ki czemu zapewniamy najwy\u017csz\u0105 jako\u015b\u0107 us\u0142ug. Oferujemy szeroki zakres us\u0142ug, od inwestycji konstrukcyjno-budowlanych i drogowych po projekty remontowe i modernizacyjne. Dopasowujemy si\u0119 do indywidualnych potrzeb i oczekiwa\u0144 naszych Klient\u00f3w. Zapraszamy do skorzystania z naszych us\u0142ug.<\/p><\/div>\n\t\t<div class=\"qodef-m-button qodef-qi-clear\">\n\t\t<a class=\"qodef-shortcode qodef-m  qodef-qi-button qodef-html--link qodef-layout--textual qodef-type--standard   qodef-icon--right qodef-hover--icon-move-horizontal-short   qodef-text-underline qodef-underline--left \" href=\"#\" target=\"_self\">\t<span class=\"qodef-m-text\">Czytaj Wi\u0119cej<\/span>\t<\/a>\t<\/div>\n<\/div>\n\t\t<\/div>\n\t\t\t\t<\/div>\n\t\t\t\t\t<\/div>\n\t\t<\/div>\n\t\t\t\t<div class=\"elementor-column elementor-col-50 elementor-top-column elementor-element elementor-element-1b26674\" data-id=\"1b26674\" data-element_type=\"column\">\n\t\t\t<div class=\"elementor-widget-wrap elementor-element-populated\">\n\t\t\t\t\t\t\t\t<div class=\"elementor-element elementor-element-abf5602 elementor-widget elementor-widget-image-carousel\" data-id=\"abf5602\" data-element_type=\"widget\" data-settings=\"{&quot;slides_to_show&quot;:&quot;1&quot;,&quot;navigation&quot;:&quot;none&quot;,&quot;pause_on_hover&quot;:&quot;no&quot;,&quot;pause_on_interaction&quot;:&quot;no&quot;,&quot;speed&quot;:800,&quot;slides_to_show_tablet&quot;:&quot;1&quot;,&quot;autoplay_speed&quot;:3000,&quot;autoplay&quot;:&quot;yes&quot;,&quot;infinite&quot;:&quot;yes&quot;,&quot;effect&quot;:&quot;slide&quot;}\" data-widget_type=\"image-carousel.default\">\n\t\t\t\t<div class=\"elementor-widget-container\">\n\t\t\t<style>\/*! elementor - v3.9.2 - 21-12-2022 *\/\n.elementor-widget-image-carousel .swiper-container{position:static}.elementor-widget-image-carousel .swiper-container .swiper-slide figure{line-height:inherit}.elementor-widget-image-carousel .swiper-slide{text-align:center}.elementor-image-carousel-wrapper:not(.swiper-container-initialized) .swiper-slide{max-width:calc(100% \/ var(--e-image-carousel-slides-to-show, 3))}<\/style>\t\t<div class=\"elementor-image-carousel-wrapper swiper-container\" dir=\"ltr\">\n\t\t\t<div class=\"elementor-image-carousel swiper-wrapper\">\n\t\t\t\t\t\t\t\t<div class=\"swiper-slide\"><figure class=\"swiper-slide-inner\"><img decoding=\"async\" class=\"swiper-slide-image\" src=\"https:\/\/omega.grajewo.pl\/wp-content\/uploads\/2023\/01\/IMG_1226.jpeg\" alt=\"IMG_1226\" \/><\/figure><\/div><div class=\"swiper-slide\"><figure class=\"swiper-slide-inner\"><img decoding=\"async\" class=\"swiper-slide-image\" src=\"https:\/\/omega.grajewo.pl\/wp-content\/uploads\/2020\/10\/IMG_1051.jpeg\" alt=\"IMG_1051\" \/><\/figure><\/div><div class=\"swiper-slide\"><figure class=\"swiper-slide-inner\"><img decoding=\"async\" class=\"swiper-slide-image\" src=\"https:\/\/omega.grajewo.pl\/wp-content\/uploads\/2023\/01\/IMG_1225-e1672866071713.jpeg\" alt=\"IMG_1225\" \/><\/figure><\/div>\t\t\t<\/div>\n\t\t\t\t\t\t\t\t\t\t\t\t\t\t\t\t<\/div>\n\t\t\t\t<\/div>\n\t\t\t\t<\/div>\n\t\t\t\t\t<\/div>\n\t\t<\/div>\n\t\t\t\t\t\t\t<\/div>\n\t\t<\/section>\n\t\t\t\t<section class=\"elementor-section elementor-top-section elementor-element elementor-element-ca8bf83 elementor-section-boxed elementor-section-height-default elementor-section-height-default qodef-elementor-content-no\" data-id=\"ca8bf83\" data-element_type=\"section\">\n\t\t\t\t\t\t<div class=\"elementor-container elementor-column-gap-default\">\n\t\t\t\t\t<div class=\"elementor-column elementor-col-100 elementor-top-column elementor-element elementor-element-7abc17f\" data-id=\"7abc17f\" data-element_type=\"column\">\n\t\t\t<div class=\"elementor-widget-wrap elementor-element-populated\">\n\t\t\t\t\t\t\t\t<div class=\"elementor-element elementor-element-e4c469a elementor-widget elementor-widget-heading\" data-id=\"e4c469a\" data-element_type=\"widget\" data-widget_type=\"heading.default\">\n\t\t\t\t<div class=\"elementor-widget-container\">\n\t\t\t<h2 class=\"elementor-heading-title elementor-size-default\">Nasze projekty<\/h2>\t\t<\/div>\n\t\t\t\t<\/div>\n\t\t\t\t<div class=\"elementor-element elementor-element-c682b8a elementor-widget elementor-widget-qode_essential_addons_portfolio_list\" data-id=\"c682b8a\" data-element_type=\"widget\" data-widget_type=\"qode_essential_addons_portfolio_list.default\">\n\t\t\t\t<div class=\"elementor-widget-container\">\n\t\t\t<div class=\"qodef-shortcode qodef-m  qodef-portfolio-list qodef-item-layout--info-below    qodef-grid qodef-layout--columns  qodef-gutter--normal qodef-col-num--3  qodef-item-layout--info-below qodef-responsive--predefined\"  >\n\t<div class=\"qodef-grid-inner\">\n\t\t<article class=\"qodef-e qodef-grid-item qodef-item--full post-1235 portfolio-item type-portfolio-item status-publish has-post-thumbnail hentry\">\n\t<div class=\"qodef-e-inner\" >\n\t\t<div class=\"qodef-e-image\">\n\t\t\t\t<div class=\"qodef-e-media-image\">\n\t\t<a itemprop=\"url\" href=\"https:\/\/omega.grajewo.pl\/index.php\/portfolio-item\/tomaszow-mazowiecki\/\">\n\t\t\t<img loading=\"lazy\" decoding=\"async\" width=\"1536\" height=\"2048\" src=\"https:\/\/omega.grajewo.pl\/wp-content\/uploads\/2023\/02\/IMG_0959.jpeg\" class=\"attachment-full size-full wp-post-image\" alt=\"\" srcset=\"https:\/\/omega.grajewo.pl\/wp-content\/uploads\/2023\/02\/IMG_0959.jpeg 1536w, https:\/\/omega.grajewo.pl\/wp-content\/uploads\/2023\/02\/IMG_0959-225x300.jpeg 225w, https:\/\/omega.grajewo.pl\/wp-content\/uploads\/2023\/02\/IMG_0959-768x1024.jpeg 768w, https:\/\/omega.grajewo.pl\/wp-content\/uploads\/2023\/02\/IMG_0959-1152x1536.jpeg 1152w\" sizes=\"auto, (max-width: 1536px) 100vw, 1536px\" \/>\t\t\t\t\t<\/a>\n\t<\/div>\n\t\t<\/div>\n\t\t<div class=\"qodef-e-content\" >\n\t\t\t\t\t\t\t\t\t\t\t<h5 itemprop=\"name\" class=\"qodef-e-title entry-title\" >\n\t<a itemprop=\"url\" class=\"qodef-e-title-link\" href=\"https:\/\/omega.grajewo.pl\/index.php\/portfolio-item\/tomaszow-mazowiecki\/\">\n\t\tTomasz\u00f3w Mazowiecki\t<\/a>\n<\/h5>\n\t\t\t\t\t<\/div>\n\t<\/div>\n<\/article>\n<article class=\"qodef-e qodef-grid-item qodef-item--full post-1230 portfolio-item type-portfolio-item status-publish has-post-thumbnail hentry portfolio-category-stacja-regazyfikacji\">\n\t<div class=\"qodef-e-inner\" >\n\t\t<div class=\"qodef-e-image\">\n\t\t\t\t<div class=\"qodef-e-media-image\">\n\t\t<a itemprop=\"url\" href=\"https:\/\/omega.grajewo.pl\/index.php\/portfolio-item\/lipsk-2\/\">\n\t\t\t<img loading=\"lazy\" decoding=\"async\" width=\"1536\" height=\"2048\" src=\"https:\/\/omega.grajewo.pl\/wp-content\/uploads\/2023\/02\/IMG_1490.jpeg\" class=\"attachment-full size-full wp-post-image\" alt=\"\" srcset=\"https:\/\/omega.grajewo.pl\/wp-content\/uploads\/2023\/02\/IMG_1490.jpeg 1536w, https:\/\/omega.grajewo.pl\/wp-content\/uploads\/2023\/02\/IMG_1490-225x300.jpeg 225w, https:\/\/omega.grajewo.pl\/wp-content\/uploads\/2023\/02\/IMG_1490-768x1024.jpeg 768w, https:\/\/omega.grajewo.pl\/wp-content\/uploads\/2023\/02\/IMG_1490-1152x1536.jpeg 1152w\" sizes=\"auto, (max-width: 1536px) 100vw, 1536px\" \/>\t\t\t\t\t<\/a>\n\t<\/div>\n\t\t<\/div>\n\t\t<div class=\"qodef-e-content\" >\n\t\t\t\t\t\t\t\t<div class=\"qodef-e-info-category\" >\n\t\t<a href=\"https:\/\/omega.grajewo.pl\/index.php\/portfolio-category\/stacja-regazyfikacji\/\" rel=\"tag\">Stacja Regazyfikacji<\/a>\t<\/div>\n\t\t\t\t<h5 itemprop=\"name\" class=\"qodef-e-title entry-title\" >\n\t<a itemprop=\"url\" class=\"qodef-e-title-link\" href=\"https:\/\/omega.grajewo.pl\/index.php\/portfolio-item\/lipsk-2\/\">\n\t\tLipsk\t<\/a>\n<\/h5>\n\t\t\t\t\t<\/div>\n\t<\/div>\n<\/article>\n<article class=\"qodef-e qodef-grid-item qodef-item--full post-1181 portfolio-item type-portfolio-item status-publish has-post-thumbnail hentry portfolio-category-stacja-regazyfikacji\">\n\t<div class=\"qodef-e-inner\" >\n\t\t<div class=\"qodef-e-image\">\n\t\t\t\t<div class=\"qodef-e-media-image\">\n\t\t<a itemprop=\"url\" href=\"https:\/\/omega.grajewo.pl\/index.php\/portfolio-item\/augustow\/\">\n\t\t\t<img loading=\"lazy\" decoding=\"async\" width=\"1536\" height=\"2048\" src=\"https:\/\/omega.grajewo.pl\/wp-content\/uploads\/2023\/01\/IMG_1225-1.jpeg\" class=\"attachment-full size-full wp-post-image\" alt=\"\" srcset=\"https:\/\/omega.grajewo.pl\/wp-content\/uploads\/2023\/01\/IMG_1225-1.jpeg 1536w, https:\/\/omega.grajewo.pl\/wp-content\/uploads\/2023\/01\/IMG_1225-1-225x300.jpeg 225w, https:\/\/omega.grajewo.pl\/wp-content\/uploads\/2023\/01\/IMG_1225-1-768x1024.jpeg 768w, https:\/\/omega.grajewo.pl\/wp-content\/uploads\/2023\/01\/IMG_1225-1-1152x1536.jpeg 1152w\" sizes=\"auto, (max-width: 1536px) 100vw, 1536px\" \/>\t\t\t\t\t<\/a>\n\t<\/div>\n\t\t<\/div>\n\t\t<div class=\"qodef-e-content\" >\n\t\t\t\t\t\t\t\t<div class=\"qodef-e-info-category\" >\n\t\t<a href=\"https:\/\/omega.grajewo.pl\/index.php\/portfolio-category\/stacja-regazyfikacji\/\" rel=\"tag\">Stacja Regazyfikacji<\/a>\t<\/div>\n\t\t\t\t<h5 itemprop=\"name\" class=\"qodef-e-title entry-title\" >\n\t<a itemprop=\"url\" class=\"qodef-e-title-link\" href=\"https:\/\/omega.grajewo.pl\/index.php\/portfolio-item\/augustow\/\">\n\t\tAugust\u00f3w\t<\/a>\n<\/h5>\n\t\t\t\t\t<\/div>\n\t<\/div>\n<\/article>\n<article class=\"qodef-e qodef-grid-item qodef-item--full post-1180 portfolio-item type-portfolio-item status-publish has-post-thumbnail hentry portfolio-category-stacja-regazyfikacji\">\n\t<div class=\"qodef-e-inner\" >\n\t\t<div class=\"qodef-e-image\">\n\t\t\t\t<div class=\"qodef-e-media-image\">\n\t\t<a itemprop=\"url\" href=\"https:\/\/omega.grajewo.pl\/index.php\/portfolio-item\/bialystok\/\">\n\t\t\t<img loading=\"lazy\" decoding=\"async\" width=\"1536\" height=\"2048\" src=\"https:\/\/omega.grajewo.pl\/wp-content\/uploads\/2020\/10\/IMG_1051.jpeg\" class=\"attachment-full size-full wp-post-image\" alt=\"\" srcset=\"https:\/\/omega.grajewo.pl\/wp-content\/uploads\/2020\/10\/IMG_1051.jpeg 1536w, https:\/\/omega.grajewo.pl\/wp-content\/uploads\/2020\/10\/IMG_1051-225x300.jpeg 225w, https:\/\/omega.grajewo.pl\/wp-content\/uploads\/2020\/10\/IMG_1051-768x1024.jpeg 768w, https:\/\/omega.grajewo.pl\/wp-content\/uploads\/2020\/10\/IMG_1051-1152x1536.jpeg 1152w\" sizes=\"auto, (max-width: 1536px) 100vw, 1536px\" \/>\t\t\t\t\t<\/a>\n\t<\/div>\n\t\t<\/div>\n\t\t<div class=\"qodef-e-content\" >\n\t\t\t\t\t\t\t\t<div class=\"qodef-e-info-category\" >\n\t\t<a href=\"https:\/\/omega.grajewo.pl\/index.php\/portfolio-category\/stacja-regazyfikacji\/\" rel=\"tag\">Stacja Regazyfikacji<\/a>\t<\/div>\n\t\t\t\t<h5 itemprop=\"name\" class=\"qodef-e-title entry-title\" >\n\t<a itemprop=\"url\" class=\"qodef-e-title-link\" href=\"https:\/\/omega.grajewo.pl\/index.php\/portfolio-item\/bialystok\/\">\n\t\tBia\u0142ystok\t<\/a>\n<\/h5>\n\t\t\t\t\t<\/div>\n\t<\/div>\n<\/article>\n\t<\/div>\n\t<\/div>\n\t\t<\/div>\n\t\t\t\t<\/div>\n\t\t\t\t\t<\/div>\n\t\t<\/div>\n\t\t\t\t\t\t\t<\/div>\n\t\t<\/section>\n\t\t\t\t\t\t\t<\/div>\n\t\t","protected":false},"excerpt":{"rendered":"<p>Omega Realizacje Konstrukcyjno &#8211; Budowlane i drogowe O nas Omega Firma Omega to profesjonalna firma zajmuj\u0105ca si\u0119 realizacjami konstrukcyjno-budowlanymi i drogowymi z wieloletnim do\u015bwiadczeniem. Nasz zesp\u00f3\u0142 sk\u0142ada si\u0119 z wykwalifikowanych in\u017cynier\u00f3w i pracownik\u00f3w specjalist\u00f3w w swoich dziedzinach, dzi\u0119ki czemu zapewniamy najwy\u017csz\u0105 jako\u015b\u0107 us\u0142ug. Oferujemy szeroki zakres us\u0142ug, od inwestycji konstrukcyjno-budowlanych i drogowych po projekty remontowe [&hellip;]<\/p>\n","protected":false},"author":1,"featured_media":0,"parent":0,"menu_order":0,"comment_status":"closed","ping_status":"closed","template":"qi-full-width.php","meta":{"footnotes":""},"class_list":["post-14","page","type-page","status-publish","hentry"],"_links":{"self":[{"href":"https:\/\/omega.grajewo.pl\/index.php\/wp-json\/wp\/v2\/pages\/14","targetHints":{"allow":["GET"]}}],"collection":[{"href":"https:\/\/omega.grajewo.pl\/index.php\/wp-json\/wp\/v2\/pages"}],"about":[{"href":"https:\/\/omega.grajewo.pl\/index.php\/wp-json\/wp\/v2\/types\/page"}],"author":[{"embeddable":true,"href":"https:\/\/omega.grajewo.pl\/index.php\/wp-json\/wp\/v2\/users\/1"}],"replies":[{"embeddable":true,"href":"https:\/\/omega.grajewo.pl\/index.php\/wp-json\/wp\/v2\/comments?post=14"}],"version-history":[{"count":31,"href":"https:\/\/omega.grajewo.pl\/index.php\/wp-json\/wp\/v2\/pages\/14\/revisions"}],"predecessor-version":[{"id":1222,"href":"https:\/\/omega.grajewo.pl\/index.php\/wp-json\/wp\/v2\/pages\/14\/revisions\/1222"}],"wp:attachment":[{"href":"https:\/\/omega.grajewo.pl\/index.php\/wp-json\/wp\/v2\/media?parent=14"}],"curies":[{"name":"wp","href":"https:\/\/api.w.org\/{rel}","templated":true}]}}